{"id":991,"date":"2020-12-23T14:10:14","date_gmt":"2020-12-23T13:10:14","guid":{"rendered":"http:\/\/fokusthun.ch\/fotografie\/?page_id=991"},"modified":"2026-03-05T15:53:34","modified_gmt":"2026-03-05T14:53:34","slug":"info","status":"publish","type":"page","link":"https:\/\/luftbild-drohne-thun.ch\/luftbild\/info\/","title":{"rendered":"Info"},"content":{"rendered":"<div id=\"pl-gb991-69e3759af0214\"  class=\"panel-layout\" ><div id=\"pg-gb991-69e3759af0214-0\"  class=\"panel-grid panel-has-style\" ><div class=\"siteorigin-panels-stretch panel-row-style panel-row-style-for-gb991-69e3759af0214-0\" data-stretch-type=\"full-stretched\" ><div id=\"pgc-gb991-69e3759af0214-0-0\"  class=\"panel-grid-cell\" ><div id=\"panel-gb991-69e3759af0214-0-0-0\" class=\"so-panel widget widget_text panel-first-child panel-last-child\" data-index=\"0\" >\t\t\t<div class=\"textwidget\"><p>&nbsp;<\/p>\n<p>&nbsp;<\/p>\n<p>&nbsp;<\/p>\n<p>&nbsp;<\/p>\n<p>&nbsp;<\/p>\n<p>&nbsp;<\/p>\n<p>&nbsp;<\/p>\n<p>&nbsp;<\/p>\n<\/div>\n\t\t<\/div><\/div><\/div><\/div><div id=\"pg-gb991-69e3759af0214-1\"  class=\"panel-grid panel-has-style\" ><div class=\"siteorigin-panels-stretch panel-row-style panel-row-style-for-gb991-69e3759af0214-1\" data-stretch-type=\"full-stretched\" ><div id=\"pgc-gb991-69e3759af0214-1-0\"  class=\"panel-grid-cell panel-grid-cell-empty\" ><\/div><div id=\"pgc-gb991-69e3759af0214-1-1\"  class=\"panel-grid-cell panel-grid-cell-mobile-last\" ><div id=\"panel-gb991-69e3759af0214-1-1-0\" class=\"so-panel widget widget_text panel-first-child panel-last-child\" data-index=\"1\" ><div class=\"panel-widget-style panel-widget-style-for-gb991-69e3759af0214-1-1-0\" >\t\t\t<div class=\"textwidget\"><p><strong>Philosophie<\/strong><\/p>\n<p>Christoph Gerber hat als Drohnen-Pilot unz\u00e4hlige Fl\u00fcge zu \u00dcbungs- und Einstellungszwecken gemacht, um sich und das Flugger\u00e4t optimal auf den Einsatz bei dem Kunden \/ der Kundin vorzubereiten und tut dies auch weiterhin, um sich st\u00e4ndig weiter zu entwickeln. Durch seine t\u00e4gliche <a href=\"https:\/\/fokusthun.ch\" target=\"_blank\" rel=\"noopener\">Arbeit als Fotograf am Boden<\/a> kann er seine Erfahrungen und Ideen, vor allem bei der Bildkomposition, optimal einsetzen, und so auch bei Bildern aus der Luft beste Resultate erzielen.<\/p>\n<p>Er besitzt die seit 1.1.2023 zur Bedienung einer Drohne vorgeschriebene Lizenz des BAZL. Seine jahrelange Erfahrung im Modellflugbereich diente ihm 2013 als Basis zum Erlernen der F\u00e4higkeiten zur Steuerung einer Drohne.<\/p>\n<p>Selbstverst\u00e4ndlich h\u00e4lt er sich an die Vorschriften und Gesetze des Bundesamtes f\u00fcr Zivilluftfahrt (BAZL). Vom Flugplatz Thun hat er eine Sonderbewilligung erhalten, da das Fliegen mit Drohnen im Umkreis von 5 Kilometer um alle Flugpl\u00e4tze in der Schweiz grunds\u00e4tzlich verboten ist, was auch das gesamte Thuner Stadtgebiet einschliessen w\u00fcrde. F\u00fcr Auftr\u00e4ge in der N\u00e4he von anderen Flugpl\u00e4tzen kann wenn n\u00f6tig eine separate Bewilligung eingeholt werden.<\/p>\n<p>&nbsp;<\/p>\n<p><strong>Technik<\/strong><\/p>\n<p align=\"left\">Mit der funkferngesteuerten und durch GPS, Kompass und Barometer unterst\u00fctzen Drohne k\u00f6nnen aus verschiedenen H\u00f6hen und Winkeln faszinierende <a href=\"https:\/\/luftbild-drohne-thun.ch\/luftbild\/\">Fotos<\/a> oder aufregende <a href=\"https:\/\/luftbild-drohne-thun.ch\/luftbild\/video\/\">Videos<\/a> gemacht werden.<\/p>\n<p>Das Livebild der Kamera wird auf einen Bildschirm am Boden \u00fcbertragen \u2013 So l\u00e4sst sich der Bildausschnitt pr\u00e4zise ausw\u00e4hlen und der Kunde \/ die Kundin hat die M\u00f6glichkeit, das Motiv genau nach den eigenen Vorstellungen aufnehmen zu lassen.<\/p>\n<\/div>\n\t\t<\/div><\/div><\/div><div id=\"pgc-gb991-69e3759af0214-1-2\"  class=\"panel-grid-cell panel-grid-cell-empty\" ><\/div><\/div><\/div><div id=\"pg-gb991-69e3759af0214-2\"  class=\"panel-grid panel-has-style\" ><div class=\"siteorigin-panels-stretch panel-row-style panel-row-style-for-gb991-69e3759af0214-2\" data-stretch-type=\"full-stretched\" ><div id=\"pgc-gb991-69e3759af0214-2-0\"  class=\"panel-grid-cell panel-grid-cell-empty\" ><\/div><div id=\"pgc-gb991-69e3759af0214-2-1\"  class=\"panel-grid-cell\" ><div id=\"panel-gb991-69e3759af0214-2-1-0\" class=\"so-panel widget widget_text panel-first-child panel-last-child\" data-index=\"2\" ><div class=\"panel-widget-style panel-widget-style-for-gb991-69e3759af0214-2-1-0\" >\t\t\t<div class=\"textwidget\"><p><strong>Kunden \/ Referenzen (Auszug)<\/strong><\/p>\n<ul>\n<li>&#8211; Thuner Tagblatt<\/li>\n<li>&#8211; Kanton Bern<\/li>\n<li>&#8211; Stadt Thun<\/li>\n<li>&#8211; Energie Thun<\/li>\n<li>&#8211; Thunersee Tourismus<\/li>\n<li>&#8211; Raiffeisenbank Thunersee<\/li>\n<li>&#8211; Coop Genossenschaft<\/li>\n<li>&#8211; AVAG Thun (Entsorgung\/Energie)<\/li>\n<li>&#8211; Gemeinde Uttigen<\/li>\n<li>&#8211; Gemeinde Hilterfingen<\/li>\n<li>&#8211; Weber Verlag AG<\/li>\n<\/ul>\n<\/div>\n\t\t<\/div><\/div><\/div><div id=\"pgc-gb991-69e3759af0214-2-2\"  class=\"panel-grid-cell panel-grid-cell-mobile-last\" ><div id=\"panel-gb991-69e3759af0214-2-2-0\" class=\"so-panel widget widget_text panel-first-child panel-last-child\" data-index=\"3\" ><div class=\"panel-widget-style panel-widget-style-for-gb991-69e3759af0214-2-2-0\" >\t\t\t<div class=\"textwidget\"><p><strong>Impressum<\/strong><\/p>\n<p>Web Design: Christoph Gerber<\/p>\n<p>Copyright \u00a92026: Luftbild Drohne Thun (Christoph Gerber)<\/p>\n<p>Alle Bilder auf dieser Website sind urheberrechtlich gesch\u00fctzt und d\u00fcrfen nicht ohne die ausdr\u00fcckliche Zustimmung von Luftbild Drohne Thun (Christoph Gerber) reproduziert oder ver\u00f6ffentlicht werden.<\/p>\n<\/div>\n\t\t<\/div><\/div><\/div><div id=\"pgc-gb991-69e3759af0214-2-3\"  class=\"panel-grid-cell panel-grid-cell-empty\" ><\/div><\/div><\/div><\/div>\n\n\n<p><\/p>\n","protected":false},"excerpt":{"rendered":"","protected":false},"author":1,"featured_media":0,"parent":0,"menu_order":0,"comment_status":"closed","ping_status":"closed","template":"template-transparent-header.php","meta":{"footnotes":""},"class_list":["post-991","page","type-page","status-publish","hentry"],"yoast_head":"<!-- This site is optimized with the Yoast SEO plugin v16.1.1 - https:\/\/yoast.com\/wordpress\/plugins\/seo\/ -->\n<title>Luftbild Drohne Thun | Fotograf Thun | Christoph Gerber | Luftaufnahmen<\/title>\n<meta name=\"description\" content=\"Luftaufnahmen mit einer Drohne im Raum Thun - Berner Oberland | Christoph Gerber Fotograf f\u00fcr Private und Unternehmen im Auftrag | Info\" \/>\n<link rel=\"canonical\" href=\"https:\/\/luftbild-drohne-thun.ch\/luftbild\/info\/\" \/>\n<meta property=\"og:locale\" content=\"de_DE\" \/>\n<meta property=\"og:type\" content=\"article\" \/>\n<meta property=\"og:title\" content=\"Luftbild Drohne Thun | Fotograf Thun | Christoph Gerber | Luftaufnahmen\" \/>\n<meta property=\"og:description\" content=\"Luftaufnahmen mit einer Drohne im Raum Thun - Berner Oberland | Christoph Gerber Fotograf f\u00fcr Private und Unternehmen im Auftrag | Info\" \/>\n<meta property=\"og:url\" content=\"https:\/\/luftbild-drohne-thun.ch\/luftbild\/info\/\" \/>\n<meta property=\"og:site_name\" content=\"Luftbild Drohne Thun\" \/>\n<meta property=\"article:publisher\" content=\"https:\/\/www.facebook.com\/luftbilddrohnethun\" \/>\n<meta property=\"article:modified_time\" content=\"2026-03-05T14:53:34+00:00\" \/>\n<meta name=\"twitter:card\" content=\"summary_large_image\" \/>\n<meta name=\"twitter:label1\" content=\"Gesch\u00e4tzte Lesezeit\">\n\t<meta name=\"twitter:data1\" content=\"2\u00a0Minuten\">\n<script type=\"application\/ld+json\" class=\"yoast-schema-graph\">{\"@context\":\"https:\/\/schema.org\",\"@graph\":[{\"@type\":\"Organization\",\"@id\":\"https:\/\/luftbild-drohne-thun.ch\/luftbild\/#organization\",\"name\":\"Luftbild Drohne Thun\",\"url\":\"https:\/\/luftbild-drohne-thun.ch\/luftbild\/\",\"sameAs\":[\"https:\/\/www.facebook.com\/luftbilddrohnethun\",\"https:\/\/www.instagram.com\/explore\/tags\/luftbilddrohnethun\"],\"logo\":{\"@type\":\"ImageObject\",\"@id\":\"https:\/\/luftbild-drohne-thun.ch\/luftbild\/#logo\",\"inLanguage\":\"de\",\"url\":\"https:\/\/luftbild-drohne-thun.ch\/luftbild\/wp-content\/uploads\/logo_luftbild-drohne-thun-e1608906477873.png\",\"contentUrl\":\"https:\/\/luftbild-drohne-thun.ch\/luftbild\/wp-content\/uploads\/logo_luftbild-drohne-thun-e1608906477873.png\",\"width\":150,\"height\":71,\"caption\":\"Luftbild Drohne Thun\"},\"image\":{\"@id\":\"https:\/\/luftbild-drohne-thun.ch\/luftbild\/#logo\"}},{\"@type\":\"WebSite\",\"@id\":\"https:\/\/luftbild-drohne-thun.ch\/luftbild\/#website\",\"url\":\"https:\/\/luftbild-drohne-thun.ch\/luftbild\/\",\"name\":\"Luftbild Drohne Thun\",\"description\":\"Fotografie aus der Luft \/ Fotos und Videos mit einer Drohne\",\"publisher\":{\"@id\":\"https:\/\/luftbild-drohne-thun.ch\/luftbild\/#organization\"},\"potentialAction\":[{\"@type\":\"SearchAction\",\"target\":\"https:\/\/luftbild-drohne-thun.ch\/luftbild\/?s={search_term_string}\",\"query-input\":\"required name=search_term_string\"}],\"inLanguage\":\"de\"},{\"@type\":\"WebPage\",\"@id\":\"https:\/\/luftbild-drohne-thun.ch\/luftbild\/info\/#webpage\",\"url\":\"https:\/\/luftbild-drohne-thun.ch\/luftbild\/info\/\",\"name\":\"Luftbild Drohne Thun | Fotograf Thun | Christoph Gerber | Luftaufnahmen\",\"isPartOf\":{\"@id\":\"https:\/\/luftbild-drohne-thun.ch\/luftbild\/#website\"},\"datePublished\":\"2020-12-23T13:10:14+00:00\",\"dateModified\":\"2026-03-05T14:53:34+00:00\",\"description\":\"Luftaufnahmen mit einer Drohne im Raum Thun - Berner Oberland | Christoph Gerber Fotograf f\\u00fcr Private und Unternehmen im Auftrag | Info\",\"breadcrumb\":{\"@id\":\"https:\/\/luftbild-drohne-thun.ch\/luftbild\/info\/#breadcrumb\"},\"inLanguage\":\"de\",\"potentialAction\":[{\"@type\":\"ReadAction\",\"target\":[\"https:\/\/luftbild-drohne-thun.ch\/luftbild\/info\/\"]}]},{\"@type\":\"BreadcrumbList\",\"@id\":\"https:\/\/luftbild-drohne-thun.ch\/luftbild\/info\/#breadcrumb\",\"itemListElement\":[{\"@type\":\"ListItem\",\"position\":1,\"item\":{\"@type\":\"WebPage\",\"@id\":\"https:\/\/luftbild-drohne-thun.ch\/luftbild\/\",\"url\":\"https:\/\/luftbild-drohne-thun.ch\/luftbild\/\",\"name\":\"Startseite\"}},{\"@type\":\"ListItem\",\"position\":2,\"item\":{\"@type\":\"WebPage\",\"@id\":\"https:\/\/luftbild-drohne-thun.ch\/luftbild\/info\/\",\"url\":\"https:\/\/luftbild-drohne-thun.ch\/luftbild\/info\/\",\"name\":\"Info\"}}]}]}<\/script>\n<!-- \/ Yoast SEO plugin. -->","_links":{"self":[{"href":"https:\/\/luftbild-drohne-thun.ch\/luftbild\/wp-json\/wp\/v2\/pages\/991","targetHints":{"allow":["GET"]}}],"collection":[{"href":"https:\/\/luftbild-drohne-thun.ch\/luftbild\/wp-json\/wp\/v2\/pages"}],"about":[{"href":"https:\/\/luftbild-drohne-thun.ch\/luftbild\/wp-json\/wp\/v2\/types\/page"}],"author":[{"embeddable":true,"href":"https:\/\/luftbild-drohne-thun.ch\/luftbild\/wp-json\/wp\/v2\/users\/1"}],"replies":[{"embeddable":true,"href":"https:\/\/luftbild-drohne-thun.ch\/luftbild\/wp-json\/wp\/v2\/comments?post=991"}],"version-history":[{"count":108,"href":"https:\/\/luftbild-drohne-thun.ch\/luftbild\/wp-json\/wp\/v2\/pages\/991\/revisions"}],"predecessor-version":[{"id":1319,"href":"https:\/\/luftbild-drohne-thun.ch\/luftbild\/wp-json\/wp\/v2\/pages\/991\/revisions\/1319"}],"wp:attachment":[{"href":"https:\/\/luftbild-drohne-thun.ch\/luftbild\/wp-json\/wp\/v2\/media?parent=991"}],"curies":[{"name":"wp","href":"https:\/\/api.w.org\/{rel}","templated":true}]}}